{"id":413,"date":"2019-09-26T18:11:05","date_gmt":"2019-09-26T18:11:05","guid":{"rendered":"http:\/\/casipan.com\/?page_id=413"},"modified":"2021-07-07T11:56:44","modified_gmt":"2021-07-07T11:56:44","slug":"feuer-concierge","status":"publish","type":"page","link":"http:\/\/casipan.de\/?page_id=413","title":{"rendered":"Feuer Concierge"},"content":{"rendered":"\n<p class=\"has-text-align-center\"><span style=\"color: #000000;\"><span style=\"font-family: Arial, sans-serif;\">Der Feuer Concierge bietet Ihren G\u00e4sten Feuer zum mitnehmen in einer Kasserolle an. Nachdem der Deckel kurz aufgesetzt wurde, ist das Feuer erloschen und in der Kasserolle erscheinen Streichh\u00f6lzer oder Feuerzeuge mit Ihrem Logo.<\/span><\/span><\/p>\n\n\n\n<p class=\"has-text-align-center\"><span style=\"color: #000000;\"><span style=\"font-family: Arial, sans-serif;\">Der ideale Eisbrecher am Eingang zu Ihrer Veranstaltung!<\/span><\/span><\/p>\n\n\n\n<p class=\"has-text-align-center\"><span style=\"color: #000000;\"><span style=\"font-family: Arial, sans-serif;\">Er bietet Ihnen gleichzeitig die M\u00f6glichkeit Ihren G\u00e4sten einen Werbetr\u00e4ger mit nach Hause zu geben.     <\/span><\/span><\/p>\n\n\n\n<figure class=\"is-layout-flex wp-block-gallery-1 wp-block-gallery columns-3 is-cropped\"><ul class=\"blocks-gallery-grid\"><li class=\"blocks-gallery-item\"><figure><img decoding=\"async\" loading=\"lazy\" width=\"683\" height=\"1024\" src=\"http:\/\/casipan.com\/wp-content\/uploads\/2019\/09\/Eden-Sophie-Rimbach-Feuer-Concierge-mit-Pult-e1569520986347-683x1024.jpg\" alt=\"\" data-id=\"402\" data-link=\"http:\/\/casipan.com\/?attachment_id=402\" class=\"wp-image-402\" srcset=\"http:\/\/casipan.de\/wp-content\/uploads\/2019\/09\/Eden-Sophie-Rimbach-Feuer-Concierge-mit-Pult-e1569520986347-683x1024.jpg 683w, http:\/\/casipan.de\/wp-content\/uploads\/2019\/09\/Eden-Sophie-Rimbach-Feuer-Concierge-mit-Pult-e1569520986347-200x300.jpg 200w, http:\/\/casipan.de\/wp-content\/uploads\/2019\/09\/Eden-Sophie-Rimbach-Feuer-Concierge-mit-Pult-e1569520986347-768x1152.jpg 768w, http:\/\/casipan.de\/wp-content\/uploads\/2019\/09\/Eden-Sophie-Rimbach-Feuer-Concierge-mit-Pult-e1569520986347.jpg 1984w\" sizes=\"(max-width: 683px) 100vw, 683px\" \/><\/figure><\/li><li class=\"blocks-gallery-item\"><figure><img decoding=\"async\" loading=\"lazy\" width=\"1024\" height=\"683\" src=\"http:\/\/casipan.com\/wp-content\/uploads\/2019\/09\/Eden-Sophie-Rimbach-Jonas-7-und-Sarah-4-sind-fasziniert-von-Niklas-K\u00f6nigs-Feuerkunst-1024x683.png\" alt=\"\" data-id=\"396\" data-link=\"http:\/\/casipan.com\/?attachment_id=396\" class=\"wp-image-396\" srcset=\"http:\/\/casipan.de\/wp-content\/uploads\/2019\/09\/Eden-Sophie-Rimbach-Jonas-7-und-Sarah-4-sind-fasziniert-von-Niklas-K\u00f6nigs-Feuerkunst-1024x683.png 1024w, http:\/\/casipan.de\/wp-content\/uploads\/2019\/09\/Eden-Sophie-Rimbach-Jonas-7-und-Sarah-4-sind-fasziniert-von-Niklas-K\u00f6nigs-Feuerkunst-300x200.png 300w, http:\/\/casipan.de\/wp-content\/uploads\/2019\/09\/Eden-Sophie-Rimbach-Jonas-7-und-Sarah-4-sind-fasziniert-von-Niklas-K\u00f6nigs-Feuerkunst-768x512.png 768w\" sizes=\"(max-width: 1024px) 100vw, 1024px\" \/><\/figure><\/li><li class=\"blocks-gallery-item\"><figure><img decoding=\"async\" loading=\"lazy\" width=\"683\" height=\"1024\" src=\"http:\/\/casipan.com\/wp-content\/uploads\/2019\/09\/Eden-Sophie-Rimbach-Feuer-zum-Mitnehmen-e1569521043102-683x1024.jpg\" alt=\"\" data-id=\"399\" data-link=\"http:\/\/casipan.com\/?attachment_id=399\" class=\"wp-image-399\" srcset=\"http:\/\/casipan.de\/wp-content\/uploads\/2019\/09\/Eden-Sophie-Rimbach-Feuer-zum-Mitnehmen-e1569521043102-683x1024.jpg 683w, http:\/\/casipan.de\/wp-content\/uploads\/2019\/09\/Eden-Sophie-Rimbach-Feuer-zum-Mitnehmen-e1569521043102-200x300.jpg 200w, http:\/\/casipan.de\/wp-content\/uploads\/2019\/09\/Eden-Sophie-Rimbach-Feuer-zum-Mitnehmen-e1569521043102-768x1152.jpg 768w, http:\/\/casipan.de\/wp-content\/uploads\/2019\/09\/Eden-Sophie-Rimbach-Feuer-zum-Mitnehmen-e1569521043102.jpg 1984w\" sizes=\"(max-width: 683px) 100vw, 683px\" \/><\/figure><\/li><\/ul><\/figure>\n\n\n\n<p class=\"has-text-align-center\"><span style=\"color: #000000;\"><span style=\"font-family: Arial, sans-serif;\">1  K\u00fcnstler, Zeit nach Wahl,  B\u00fchne auf gleicher Ebene mit Ihren G\u00e4sten<\/span><\/span><\/p>\n\n\n\n<p class=\"has-text-align-center\"><span style=\"color: #000000;\"><span style=\"font-family: Arial, sans-serif;\">Indoor und Outdoor <\/span><\/span><\/p>\n\n\n\n<p class=\"has-text-align-center\"><a href=\"http:\/\/casipan.com\/?page_id=119\">zu den Walk Acts f\u00fcr Feiern, Feste und Festivals<\/a><\/p>\n","protected":false},"excerpt":{"rendered":"<p>Der Feuer Concierge bietet Ihren G\u00e4sten Feuer zum mitnehmen in einer Kasserolle an. Nachdem der Deckel kurz aufgesetzt wurde, ist das Feuer erloschen und in der Kasserolle erscheinen Streichh\u00f6lzer oder Feuerzeuge mit Ihrem Logo. Der ideale Eisbrecher am Eingang zu Ihrer Veranstaltung! Er bietet Ihnen gleichzeitig die M\u00f6glichkeit Ihren G\u00e4sten einen Werbetr\u00e4ger mit nach Hause &hellip; <\/p>\n<p class=\"link-more\"><a href=\"http:\/\/casipan.de\/?page_id=413\" class=\"more-link\">Mehr <span class=\"screen-reader-text\">\u00fcber &#8222;Feuer Concierge&#8220; <\/span>Lesen<\/a><\/p>\n","protected":false},"author":1,"featured_media":463,"parent":0,"menu_order":4,"comment_status":"closed","ping_status":"closed","template":"","meta":[],"_links":{"self":[{"href":"http:\/\/casipan.de\/index.php?rest_route=\/wp\/v2\/pages\/413"}],"collection":[{"href":"http:\/\/casipan.de\/index.php?rest_route=\/wp\/v2\/pages"}],"about":[{"href":"http:\/\/casipan.de\/index.php?rest_route=\/wp\/v2\/types\/page"}],"author":[{"embeddable":true,"href":"http:\/\/casipan.de\/index.php?rest_route=\/wp\/v2\/users\/1"}],"replies":[{"embeddable":true,"href":"http:\/\/casipan.de\/index.php?rest_route=%2Fwp%2Fv2%2Fcomments&post=413"}],"version-history":[{"count":5,"href":"http:\/\/casipan.de\/index.php?rest_route=\/wp\/v2\/pages\/413\/revisions"}],"predecessor-version":[{"id":538,"href":"http:\/\/casipan.de\/index.php?rest_route=\/wp\/v2\/pages\/413\/revisions\/538"}],"wp:featuredmedia":[{"embeddable":true,"href":"http:\/\/casipan.de\/index.php?rest_route=\/wp\/v2\/media\/463"}],"wp:attachment":[{"href":"http:\/\/casipan.de\/index.php?rest_route=%2Fwp%2Fv2%2Fmedia&parent=413"}],"curies":[{"name":"wp","href":"https:\/\/api.w.org\/{rel}","templated":true}]}}