{"id":132,"date":"2017-11-19T09:09:30","date_gmt":"2017-11-19T09:09:30","guid":{"rendered":"http:\/\/casipan.com\/?page_id=132"},"modified":"2021-07-07T13:57:04","modified_gmt":"2021-07-07T13:57:04","slug":"sicherheit","status":"publish","type":"page","link":"http:\/\/casipan.de\/?page_id=132","title":{"rendered":"Sicherheit"},"content":{"rendered":"<p><strong>Erfahrung <\/strong><br \/>\nDie Erfahrung, die ich in vielen Jahren bei zahlreichen Feuershows gewonnen habe, gew\u00e4hrleistet das h\u00f6chste Ma\u00df an Sicherheit f\u00fcr Sie un Ihre G\u00e4ste. Die Risiken des Feuers sind mir bekannt. Sorgf\u00e4ltig beachte ich seine und meine Grenzen!<\/p>\n<p><strong>Schulung <\/strong><br \/>\nIch bin in Feuersicherheit geschult und halte mich an die Standards der internationalen Feuerkunstszene.<\/p>\n<p><strong>Feuer-Requisiten <\/strong><br \/>\nDie Requisiten werden vor jedem Auftritt auf Verschlei\u00df kontrolliert. Ich verwende nur erprobte Konstruktionen, hergestellt aus bestem Material.<\/p>\n<p><strong>Versicherung <\/strong><br \/>\nDie Versicherung musste ich noch nie in Anspruch nehmen. Es gab bei mir noch keinen Unfall!! Falls der unwahrscheinliche Fall eintritt, bin ich bis zu einer Deckungssumme von 6 Mio. Euro betriebshaftpflicht versichert.<\/p>\n<div id=\"Bereich6\" dir=\"ltr\">\n<p><strong>Brennstoff <\/strong><br \/>\nAls Brennstoff verwende ich doppelt gereinigtes Petroleum (Lampen\u00f6l), welches wenig ru\u00dft und nur auf dem Requisit selbst brennt. Indoor verwende ich zus\u00e4tzlich Bioethanol. Bioethanol hat einen noch geringeren Ru\u00dfanteil, f\u00fcr eine gute Luft bei Ihrer Veranstaltung!<\/p>\n<p><strong>L\u00f6schen<\/strong><br \/>\nGeeignete L\u00f6schutensilien (Feuerl\u00f6scher, Personenl\u00f6schdecke, Wassereimer) sind immer in Reichweite. Zum L\u00f6schen der Requisiten auf der B\u00fchne verwende ich nasse L\u00f6schdecken.<\/p>\n<p><strong>Anmeldungen bei Beh\u00f6rden<\/strong><br \/>\nGerne berate und unterst\u00fctzen ich Sie bei Genehmigungen und brandschutztechnischen Abnahmen.<\/p>\n<\/div>\n","protected":false},"excerpt":{"rendered":"<p>Erfahrung Die Erfahrung, die ich in vielen Jahren bei zahlreichen Feuershows gewonnen habe, gew\u00e4hrleistet das h\u00f6chste Ma\u00df an Sicherheit f\u00fcr Sie un Ihre G\u00e4ste. Die Risiken des Feuers sind mir bekannt. Sorgf\u00e4ltig beachte ich seine und meine Grenzen! Schulung Ich bin in Feuersicherheit geschult und halte mich an die Standards der internationalen Feuerkunstszene. Feuer-Requisiten Die &hellip; <\/p>\n<p class=\"link-more\"><a href=\"http:\/\/casipan.de\/?page_id=132\" class=\"more-link\">Mehr <span class=\"screen-reader-text\">\u00fcber &#8222;Sicherheit&#8220; <\/span>Lesen<\/a><\/p>\n","protected":false},"author":1,"featured_media":0,"parent":98,"menu_order":90,"comment_status":"closed","ping_status":"closed","template":"","meta":[],"_links":{"self":[{"href":"http:\/\/casipan.de\/index.php?rest_route=\/wp\/v2\/pages\/132"}],"collection":[{"href":"http:\/\/casipan.de\/index.php?rest_route=\/wp\/v2\/pages"}],"about":[{"href":"http:\/\/casipan.de\/index.php?rest_route=\/wp\/v2\/types\/page"}],"author":[{"embeddable":true,"href":"http:\/\/casipan.de\/index.php?rest_route=\/wp\/v2\/users\/1"}],"replies":[{"embeddable":true,"href":"http:\/\/casipan.de\/index.php?rest_route=%2Fwp%2Fv2%2Fcomments&post=132"}],"version-history":[{"count":8,"href":"http:\/\/casipan.de\/index.php?rest_route=\/wp\/v2\/pages\/132\/revisions"}],"predecessor-version":[{"id":571,"href":"http:\/\/casipan.de\/index.php?rest_route=\/wp\/v2\/pages\/132\/revisions\/571"}],"up":[{"embeddable":true,"href":"http:\/\/casipan.de\/index.php?rest_route=\/wp\/v2\/pages\/98"}],"wp:attachment":[{"href":"http:\/\/casipan.de\/index.php?rest_route=%2Fwp%2Fv2%2Fmedia&parent=132"}],"curies":[{"name":"wp","href":"https:\/\/api.w.org\/{rel}","templated":true}]}}